{"id":389,"date":"2021-06-24T14:32:43","date_gmt":"2021-06-24T14:32:43","guid":{"rendered":"http:\/\/gammadigital.com\/?page_id=389"},"modified":"2021-10-20T13:28:39","modified_gmt":"2021-10-20T13:28:39","slug":"proyectos","status":"publish","type":"page","link":"https:\/\/gammadigital.com\/ca\/proyectos\/","title":{"rendered":"Projectes"},"content":{"rendered":"<div data-elementor-type=\"wp-page\" data-elementor-id=\"389\" class=\"elementor elementor-389\" data-elementor-settings=\"[]\">\n\t\t\t\t\t\t\t<div class=\"elementor-section-wrap\">\n\t\t\t\t\t\t\t<section class=\"elementor-section elementor-top-section elementor-element elementor-element-aa6f292 elementor-section-boxed elementor-section-height-default elementor-section-height-default\" data-id=\"aa6f292\" data-element_type=\"section\">\n\t\t\t\t\t\t<div class=\"elementor-container elementor-column-gap-default\">\n\t\t\t\t\t<div class=\"elementor-column elementor-col-100 elementor-top-column elementor-element elementor-element-1bb7f22\" data-id=\"1bb7f22\" data-element_type=\"column\">\n\t\t\t<div class=\"elementor-widget-wrap elementor-element-populated\">\n\t\t\t\t\t\t\t\t<div class=\"elementor-element elementor-element-5f022fd elementor-widget elementor-widget-spacer\" data-id=\"5f022fd\" data-element_type=\"widget\" data-widget_type=\"spacer.default\">\n\t\t\t\t<div class=\"elementor-widget-container\">\n\t\t\t\t\t<div class=\"elementor-spacer\">\n\t\t\t<div class=\"elementor-spacer-inner\"><\/div>\n\t\t<\/div>\n\t\t\t\t<\/div>\n\t\t\t\t<\/div>\n\t\t\t\t<div class=\"elementor-element elementor-element-748ecd3 elementor-widget elementor-widget-heading\" data-id=\"748ecd3\" data-element_type=\"widget\" data-widget_type=\"heading.default\">\n\t\t\t\t<div class=\"elementor-widget-container\">\n\t\t\t<h2 class=\"elementor-heading-title elementor-size-default\">ELS NOSTRES PROJECTES<\/h2>\t\t<\/div>\n\t\t\t\t<\/div>\n\t\t\t\t<div class=\"elementor-element elementor-element-1477e36 elementor-widget elementor-widget-text-editor\" data-id=\"1477e36\" data-element_type=\"widget\" data-widget_type=\"text-editor.default\">\n\t\t\t\t<div class=\"elementor-widget-container\">\n\t\t\t\t\t\t\t\t<p>Vols veure de qu\u00e8 som capa\u00e7os? Aqu\u00ed trobar\u00e0s alguns projectes destacats que hem realitzat a Gamma Digital.<\/p>\t\t\t\t\t\t<\/div>\n\t\t\t\t<\/div>\n\t\t\t\t<div class=\"elementor-element elementor-element-ea84a0b elementor-grid-2 elementor-grid-tablet-2 elementor-grid-mobile-1 elementor-widget elementor-widget-portfolio\" data-id=\"ea84a0b\" data-element_type=\"widget\" data-settings=\"{&quot;columns&quot;:&quot;2&quot;,&quot;item_ratio&quot;:{&quot;unit&quot;:&quot;px&quot;,&quot;size&quot;:1,&quot;sizes&quot;:[]},&quot;row_gap&quot;:{&quot;unit&quot;:&quot;px&quot;,&quot;size&quot;:10,&quot;sizes&quot;:[]},&quot;columns_tablet&quot;:&quot;2&quot;,&quot;columns_mobile&quot;:&quot;1&quot;,&quot;item_gap&quot;:{&quot;unit&quot;:&quot;px&quot;,&quot;size&quot;:&quot;&quot;,&quot;sizes&quot;:[]}}\" data-widget_type=\"portfolio.default\">\n\t\t\t\t<div class=\"elementor-widget-container\">\n\t\t\t\t\t<div class=\"elementor-portfolio elementor-grid elementor-posts-container\">\n\t\t\t\t<article class=\"elementor-portfolio-item elementor-post  post-519 page type-page status-publish has-post-thumbnail hentry entry has-media\">\n\t\t\t<a class=\"elementor-post__thumbnail__link\" href=\"https:\/\/gammadigital.com\/ca\/openbank\/\">\n\t\t\t\t<div class=\"elementor-portfolio-item__img elementor-post__thumbnail\">\n\t\t\t<img width=\"768\" height=\"512\" src=\"https:\/\/i2.wp.com\/gammadigital.com\/wp-content\/uploads\/2021\/07\/PSMQ00750.jpg?fit=768%2C512&amp;ssl=1\" class=\"attachment-medium_large size-medium_large\" alt=\"\" decoding=\"async\" loading=\"lazy\" \/>\t\t<\/div>\n\t\t\t\t<div class=\"elementor-portfolio-item__overlay\">\n\t\t\t\t<h3 class=\"elementor-portfolio-item__title\">\n\t\tBARCELONA OPEN BANC SABADELL TORNEO GOD\u00d3\t\t<\/h3>\n\t\t\t\t<\/div>\n\t\t\t\t<\/a>\n\t\t<\/article>\n\t\t\t\t<article class=\"elementor-portfolio-item elementor-post  post-521 page type-page status-publish has-post-thumbnail hentry entry has-media\">\n\t\t\t<a class=\"elementor-post__thumbnail__link\" href=\"https:\/\/gammadigital.com\/ca\/bonpreu\/\">\n\t\t\t\t<div class=\"elementor-portfolio-item__img elementor-post__thumbnail\">\n\t\t\t<img width=\"768\" height=\"1024\" src=\"https:\/\/i2.wp.com\/gammadigital.com\/wp-content\/uploads\/2021\/10\/CUBRE-SOSTENIBLE-1-scaled.jpg?fit=768%2C1024&amp;ssl=1\" class=\"attachment-medium_large size-medium_large\" alt=\"\" decoding=\"async\" loading=\"lazy\" srcset=\"https:\/\/i2.wp.com\/gammadigital.com\/wp-content\/uploads\/2021\/10\/CUBRE-SOSTENIBLE-1-scaled.jpg?w=1920&amp;ssl=1 1920w, https:\/\/i2.wp.com\/gammadigital.com\/wp-content\/uploads\/2021\/10\/CUBRE-SOSTENIBLE-1-scaled.jpg?resize=225%2C300&amp;ssl=1 225w, https:\/\/i2.wp.com\/gammadigital.com\/wp-content\/uploads\/2021\/10\/CUBRE-SOSTENIBLE-1-scaled.jpg?resize=768%2C1024&amp;ssl=1 768w, https:\/\/i2.wp.com\/gammadigital.com\/wp-content\/uploads\/2021\/10\/CUBRE-SOSTENIBLE-1-scaled.jpg?resize=1152%2C1536&amp;ssl=1 1152w, https:\/\/i2.wp.com\/gammadigital.com\/wp-content\/uploads\/2021\/10\/CUBRE-SOSTENIBLE-1-scaled.jpg?resize=1536%2C2048&amp;ssl=1 1536w\" sizes=\"(max-width: 768px) 100vw, 768px\" \/>\t\t<\/div>\n\t\t\t\t<div class=\"elementor-portfolio-item__overlay\">\n\t\t\t\t<h3 class=\"elementor-portfolio-item__title\">\n\t\tBON PREU SOSTENIBLE\t\t<\/h3>\n\t\t\t\t<\/div>\n\t\t\t\t<\/a>\n\t\t<\/article>\n\t\t\t\t<article class=\"elementor-portfolio-item elementor-post  post-524 page type-page status-publish has-post-thumbnail hentry entry has-media\">\n\t\t\t<a class=\"elementor-post__thumbnail__link\" href=\"https:\/\/gammadigital.com\/ca\/julia\/\">\n\t\t\t\t<div class=\"elementor-portfolio-item__img elementor-post__thumbnail\">\n\t\t\t<img width=\"768\" height=\"512\" src=\"https:\/\/i1.wp.com\/gammadigital.com\/wp-content\/uploads\/2021\/06\/C-DINAMICA-3.jpg?fit=768%2C512&amp;ssl=1\" class=\"attachment-medium_large size-medium_large\" alt=\"\" decoding=\"async\" loading=\"lazy\" \/>\t\t<\/div>\n\t\t\t\t<div class=\"elementor-portfolio-item__overlay\">\n\t\t\t\t<h3 class=\"elementor-portfolio-item__title\">\n\t\tJULIA\t\t<\/h3>\n\t\t\t\t<\/div>\n\t\t\t\t<\/a>\n\t\t<\/article>\n\t\t\t\t<article class=\"elementor-portfolio-item elementor-post  post-886 page type-page status-publish has-post-thumbnail hentry entry has-media\">\n\t\t\t<a class=\"elementor-post__thumbnail__link\" href=\"https:\/\/gammadigital.com\/ca\/bicing\/\">\n\t\t\t\t<div class=\"elementor-portfolio-item__img elementor-post__thumbnail\">\n\t\t\t<img width=\"768\" height=\"313\" src=\"https:\/\/i2.wp.com\/gammadigital.com\/wp-content\/uploads\/2021\/06\/SERIGRAFIA-1.jpg?fit=768%2C313&amp;ssl=1\" class=\"attachment-medium_large size-medium_large\" alt=\"\" decoding=\"async\" loading=\"lazy\" \/>\t\t<\/div>\n\t\t\t\t<div class=\"elementor-portfolio-item__overlay\">\n\t\t\t\t<h3 class=\"elementor-portfolio-item__title\">\n\t\tBICING\t\t<\/h3>\n\t\t\t\t<\/div>\n\t\t\t\t<\/a>\n\t\t<\/article>\n\t\t\t\t<article class=\"elementor-portfolio-item elementor-post  post-1377 page type-page status-publish has-post-thumbnail hentry entry has-media\">\n\t\t\t<a class=\"elementor-post__thumbnail__link\" href=\"https:\/\/gammadigital.com\/ca\/la-sirena-3\/\">\n\t\t\t\t<div class=\"elementor-portfolio-item__img elementor-post__thumbnail\">\n\t\t\t<img width=\"768\" height=\"576\" src=\"https:\/\/i1.wp.com\/gammadigital.com\/wp-content\/uploads\/2021\/10\/LA-SIRENA-5-scaled.jpg?fit=768%2C576&amp;ssl=1\" class=\"attachment-medium_large size-medium_large\" alt=\"\" decoding=\"async\" loading=\"lazy\" srcset=\"https:\/\/i1.wp.com\/gammadigital.com\/wp-content\/uploads\/2021\/10\/LA-SIRENA-5-scaled.jpg?w=2560&amp;ssl=1 2560w, https:\/\/i1.wp.com\/gammadigital.com\/wp-content\/uploads\/2021\/10\/LA-SIRENA-5-scaled.jpg?resize=300%2C225&amp;ssl=1 300w, https:\/\/i1.wp.com\/gammadigital.com\/wp-content\/uploads\/2021\/10\/LA-SIRENA-5-scaled.jpg?resize=1024%2C768&amp;ssl=1 1024w, https:\/\/i1.wp.com\/gammadigital.com\/wp-content\/uploads\/2021\/10\/LA-SIRENA-5-scaled.jpg?resize=768%2C576&amp;ssl=1 768w, https:\/\/i1.wp.com\/gammadigital.com\/wp-content\/uploads\/2021\/10\/LA-SIRENA-5-scaled.jpg?resize=1536%2C1152&amp;ssl=1 1536w, https:\/\/i1.wp.com\/gammadigital.com\/wp-content\/uploads\/2021\/10\/LA-SIRENA-5-scaled.jpg?resize=2048%2C1536&amp;ssl=1 2048w, https:\/\/i1.wp.com\/gammadigital.com\/wp-content\/uploads\/2021\/10\/LA-SIRENA-5-scaled.jpg?w=2400 2400w\" sizes=\"(max-width: 768px) 100vw, 768px\" \/>\t\t<\/div>\n\t\t\t\t<div class=\"elementor-portfolio-item__overlay\">\n\t\t\t\t<h3 class=\"elementor-portfolio-item__title\">\n\t\tLA SIRENA\t\t<\/h3>\n\t\t\t\t<\/div>\n\t\t\t\t<\/a>\n\t\t<\/article>\n\t\t\t\t<article class=\"elementor-portfolio-item elementor-post  post-1550 page type-page status-publish has-post-thumbnail hentry entry has-media\">\n\t\t\t<a class=\"elementor-post__thumbnail__link\" href=\"https:\/\/gammadigital.com\/ca\/nissan-iberia\/\">\n\t\t\t\t<div class=\"elementor-portfolio-item__img elementor-post__thumbnail\">\n\t\t\t<img width=\"768\" height=\"512\" src=\"https:\/\/i0.wp.com\/gammadigital.com\/wp-content\/uploads\/2021\/10\/PARKING-20-scaled.jpg?fit=768%2C512&amp;ssl=1\" class=\"attachment-medium_large size-medium_large\" alt=\"\" decoding=\"async\" loading=\"lazy\" srcset=\"https:\/\/i0.wp.com\/gammadigital.com\/wp-content\/uploads\/2021\/10\/PARKING-20-scaled.jpg?w=2560&amp;ssl=1 2560w, https:\/\/i0.wp.com\/gammadigital.com\/wp-content\/uploads\/2021\/10\/PARKING-20-scaled.jpg?resize=300%2C200&amp;ssl=1 300w, https:\/\/i0.wp.com\/gammadigital.com\/wp-content\/uploads\/2021\/10\/PARKING-20-scaled.jpg?resize=1024%2C683&amp;ssl=1 1024w, https:\/\/i0.wp.com\/gammadigital.com\/wp-content\/uploads\/2021\/10\/PARKING-20-scaled.jpg?resize=768%2C512&amp;ssl=1 768w, https:\/\/i0.wp.com\/gammadigital.com\/wp-content\/uploads\/2021\/10\/PARKING-20-scaled.jpg?resize=1536%2C1024&amp;ssl=1 1536w, https:\/\/i0.wp.com\/gammadigital.com\/wp-content\/uploads\/2021\/10\/PARKING-20-scaled.jpg?resize=2048%2C1365&amp;ssl=1 2048w, https:\/\/i0.wp.com\/gammadigital.com\/wp-content\/uploads\/2021\/10\/PARKING-20-scaled.jpg?w=2400 2400w\" sizes=\"(max-width: 768px) 100vw, 768px\" \/>\t\t<\/div>\n\t\t\t\t<div class=\"elementor-portfolio-item__overlay\">\n\t\t\t\t<h3 class=\"elementor-portfolio-item__title\">\n\t\tNISSAN IBERIA\t\t<\/h3>\n\t\t\t\t<\/div>\n\t\t\t\t<\/a>\n\t\t<\/article>\n\t\t\t\t<\/div>\n\t\t\t\t<\/div>\n\t\t\t\t<\/div>\n\t\t\t\t\t<\/div>\n\t\t<\/div>\n\t\t\t\t\t\t\t<\/div>\n\t\t<\/section>\n\t\t\t\t\t\t<\/div>\n\t\t\t\t\t<\/div>","protected":false},"excerpt":{"rendered":"<p>NUESTROS PROYECTOS Quieres ver de qu\u00e9 somos capaces? Aqu\u00ed encontraras algunos proyectos destacados que hemos realizado en Gamma Digital.<\/p>","protected":false},"author":1,"featured_media":0,"parent":0,"menu_order":0,"comment_status":"closed","ping_status":"closed","template":"elementor_header_footer","meta":{"om_disable_all_campaigns":false,"_monsterinsights_skip_tracking":false,"_monsterinsights_sitenote_active":false,"_monsterinsights_sitenote_note":"","_monsterinsights_sitenote_category":0,"spay_email":""},"aioseo_notices":[],"_links":{"self":[{"href":"https:\/\/gammadigital.com\/ca\/wp-json\/wp\/v2\/pages\/389"}],"collection":[{"href":"https:\/\/gammadigital.com\/ca\/wp-json\/wp\/v2\/pages"}],"about":[{"href":"https:\/\/gammadigital.com\/ca\/wp-json\/wp\/v2\/types\/page"}],"author":[{"embeddable":true,"href":"https:\/\/gammadigital.com\/ca\/wp-json\/wp\/v2\/users\/1"}],"replies":[{"embeddable":true,"href":"https:\/\/gammadigital.com\/ca\/wp-json\/wp\/v2\/comments?post=389"}],"version-history":[{"count":46,"href":"https:\/\/gammadigital.com\/ca\/wp-json\/wp\/v2\/pages\/389\/revisions"}],"predecessor-version":[{"id":1569,"href":"https:\/\/gammadigital.com\/ca\/wp-json\/wp\/v2\/pages\/389\/revisions\/1569"}],"wp:attachment":[{"href":"https:\/\/gammadigital.com\/ca\/wp-json\/wp\/v2\/media?parent=389"}],"curies":[{"name":"wp","href":"https:\/\/api.w.org\/{rel}","templated":true}]}}